{"id":92,"date":"2025-05-07T12:51:11","date_gmt":"2025-05-07T10:51:11","guid":{"rendered":"https:\/\/www.nunarquitectura.com\/?page_id=92"},"modified":"2025-07-22T16:48:19","modified_gmt":"2025-07-22T14:48:19","slug":"accessibilitat","status":"publish","type":"page","link":"https:\/\/www.nunarquitectura.com\/es\/accessibilitat\/","title":{"rendered":"Accessibilitat"},"content":{"rendered":"<p>David P\u00e9rez Paz es compromet a fer accessible el lloc web www.nunarquitectura.com, d\u2019acord amb els principis d\u2019accessibilitat universal i disseny per a tothom, en compliment del Reial decret 1112\/2018, de 7 de setembre, relatiu a l\u2019accessibilitat dels llocs web i aplicacions per a dispositius m\u00f2bils del sector p\u00fablic i entitats benefici\u00e0ries del programa Kit Digital.<\/p>\n<p><strong>Situaci\u00f3 de compliment<\/strong><br \/>\nAquest lloc web \u00e9s parcialment accessible d\u2019acord amb el RD 1112\/2018, degut a la manca de conformitat en alguns aspectes seg\u00fcents:<\/p>\n<ul>\n<li>Certs elements visuals poden no tenir contrast suficient.<\/li>\n<li>Alguns continguts multim\u00e8dia o imatges podrien no disposar d\u2019alternativa textual adequada.<\/li>\n<li>Pot haver-hi problemes amb la navegaci\u00f3 mitjan\u00e7ant teclat en algunes seccions.<\/li>\n<\/ul>\n<p>S\u2019est\u00e0 treballant per corregir progressivament aquests punts per millorar l\u2019accessibilitat del lloc.<\/p>\n<p><strong>Preparaci\u00f3 de la present declaraci\u00f3<\/strong><br \/>\nAquesta declaraci\u00f3 ha estat preparada el dia 22 de juliol de 2025, mitjan\u00e7ant una autoavaluaci\u00f3 interna per part del responsable del lloc web.<\/p>\n<p><strong>Observacions i dades de contacte<\/strong><br \/>\nPots comunicar qualsevol incid\u00e8ncia d\u2019accessibilitat o formular suggeriments mitjan\u00e7ant:<\/p>\n<ul>\n<li>Correu electr\u00f2nic: dperez@nunarquitectura.com<\/li>\n<li>Tel\u00e8fon: +34 634 57 10 52<\/li>\n<\/ul>\n<p><strong>Procediment de reclamaci\u00f3<\/strong><br \/>\nEn cas que la resposta a la comunicaci\u00f3 no sigui satisfact\u00f2ria, pots adre\u00e7ar-te a l\u2019Ag\u00e8ncia Estatal d\u2019Accessibilitat o seguir el procediment de reclamaci\u00f3 previst a l\u2019article 13 del RD 1112\/2018.<\/p>\n<div id=\"gtx-trans\" style=\"position: absolute; left: -24px; top: 589.844px;\">\n<div class=\"gtx-trans-icon\"><\/div>\n<\/div>","protected":false},"excerpt":{"rendered":"<p>David P\u00e9rez Paz es compromet a fer accessible el lloc web www.nunarquitectura.com, d\u2019acord amb els principis d\u2019accessibilitat universal i disseny [&hellip;]<\/p>","protected":false},"author":1,"featured_media":0,"parent":0,"menu_order":0,"comment_status":"closed","ping_status":"closed","template":"","meta":{"_acf_changed":false,"_seopress_robots_primary_cat":"","_seopress_titles_title":"","_seopress_titles_desc":"","_seopress_robots_index":"yes","inline_featured_image":false,"site-sidebar-layout":"default","site-content-layout":"","ast-site-content-layout":"narrow-width-container","site-content-style":"default","site-sidebar-style":"default","ast-global-header-display":"","ast-banner-title-visibility":"","ast-main-header-display":"","ast-hfb-above-header-display":"","ast-hfb-below-header-display":"","ast-hfb-mobile-header-display":"","site-post-title":"","ast-breadcrumbs-content":"","ast-featured-img":"","footer-sml-layout":"","theme-transparent-header-meta":"default","adv-header-id-meta":"","stick-header-meta":"","header-above-stick-meta":"","header-main-stick-meta":"","header-below-stick-meta":"","astra-migrate-meta-layouts":"set","ast-page-background-enabled":"default","ast-page-background-meta":{"desktop":{"background-color":"var(--ast-global-color-5)","background-image":"","background-repeat":"repeat","background-position":"center center","background-size":"auto","background-attachment":"scroll","background-type":"","background-media":"","overlay-type":"","overlay-color":"","overlay-opacity":"","overlay-gradient":""},"tablet":{"background-color":"","background-image":"","background-repeat":"repeat","background-position":"center center","background-size":"auto","background-attachment":"scroll","background-type":"","background-media":"","overlay-type":"","overlay-color":"","overlay-opacity":"","overlay-gradient":""},"mobile":{"background-color":"","background-image":"","background-repeat":"repeat","background-position":"center center","background-size":"auto","background-attachment":"scroll","background-type":"","background-media":"","overlay-type":"","overlay-color":"","overlay-opacity":"","overlay-gradient":""}},"ast-content-background-meta":{"desktop":{"background-color":"var(--ast-global-color-4)","background-image":"","background-repeat":"repeat","background-position":"center center","background-size":"auto","background-attachment":"scroll","background-type":"","background-media":"","overlay-type":"","overlay-color":"","overlay-opacity":"","overlay-gradient":""},"tablet":{"background-color":"var(--ast-global-color-4)","background-image":"","background-repeat":"repeat","background-position":"center center","background-size":"auto","background-attachment":"scroll","background-type":"","background-media":"","overlay-type":"","overlay-color":"","overlay-opacity":"","overlay-gradient":""},"mobile":{"background-color":"var(--ast-global-color-4)","background-image":"","background-repeat":"repeat","background-position":"center center","background-size":"auto","background-attachment":"scroll","background-type":"","background-media":"","overlay-type":"","overlay-color":"","overlay-opacity":"","overlay-gradient":""}},"footnotes":""},"class_list":["post-92","page","type-page","status-publish","hentry"],"acf":[],"_links":{"self":[{"href":"https:\/\/www.nunarquitectura.com\/es\/wp-json\/wp\/v2\/pages\/92","targetHints":{"allow":["GET"]}}],"collection":[{"href":"https:\/\/www.nunarquitectura.com\/es\/wp-json\/wp\/v2\/pages"}],"about":[{"href":"https:\/\/www.nunarquitectura.com\/es\/wp-json\/wp\/v2\/types\/page"}],"author":[{"embeddable":true,"href":"https:\/\/www.nunarquitectura.com\/es\/wp-json\/wp\/v2\/users\/1"}],"replies":[{"embeddable":true,"href":"https:\/\/www.nunarquitectura.com\/es\/wp-json\/wp\/v2\/comments?post=92"}],"version-history":[{"count":1,"href":"https:\/\/www.nunarquitectura.com\/es\/wp-json\/wp\/v2\/pages\/92\/revisions"}],"predecessor-version":[{"id":919,"href":"https:\/\/www.nunarquitectura.com\/es\/wp-json\/wp\/v2\/pages\/92\/revisions\/919"}],"wp:attachment":[{"href":"https:\/\/www.nunarquitectura.com\/es\/wp-json\/wp\/v2\/media?parent=92"}],"curies":[{"name":"wp","href":"https:\/\/api.w.org\/{rel}","templated":true}]}}