{"id":88,"date":"2025-05-07T12:50:43","date_gmt":"2025-05-07T10:50:43","guid":{"rendered":"https:\/\/www.nunarquitectura.com\/?page_id=88"},"modified":"2025-07-22T16:46:32","modified_gmt":"2025-07-22T14:46:32","slug":"avis-legal","status":"publish","type":"page","link":"https:\/\/www.nunarquitectura.com\/es\/avis-legal\/","title":{"rendered":"Av\u00eds legal"},"content":{"rendered":"<p>En compliment del que estableix la Llei 34\/2002, d\u201911 de juliol, de serveis de la societat de la informaci\u00f3 i de comer\u00e7 electr\u00f2nic (LSSI-CE), s\u2019informa a les persones usu\u00e0ries que aquest lloc web \u00e9s titularitat de:<\/p>\n<ul>\n<li>Nom del titular: David P\u00e9rez Paz<\/li>\n<li>DNI: 39364923D<\/li>\n<li>Adre\u00e7a postal: Avinguda del Torrent Canig\u00f3, 71 \u2013 08250 Sant Joan de Vilatorrada<\/li>\n<li>Correu electr\u00f2nic de contacte: dperez@nunarquitectura.com<\/li>\n<li>Tel\u00e8fon de contacte: +34 634 57 10 52<\/li>\n<\/ul>\n<p><strong>1. Objecte i \u00e0mbit d\u2019aplicaci\u00f3<\/strong><br \/>\nEl present Av\u00eds Legal regula l&#8217;acc\u00e9s i l&#8217;\u00fas del lloc web www.nunarquitectura.com (d&#8217;ara endavant, &#8220;el lloc web&#8221;), que David P\u00e9rez Paz posa a disposici\u00f3 de les persones usu\u00e0ries amb la finalitat de proporcionar informaci\u00f3 sobre els seus serveis professionals d\u2019arquitectura, projectes realitzats i dades de contacte.<\/p>\n<p>L\u2019acc\u00e9s al lloc web i la seva utilitzaci\u00f3 suposen l\u2019acceptaci\u00f3 plena i sense reserves de les condicions que s\u2019exposen a continuaci\u00f3.<\/p>\n<p><strong>2. Propietat intel\u00b7lectual i industrial<\/strong><br \/>\nTots els continguts d\u2019aquest lloc web, incloent-hi textos, imatges, dissenys, arxius, logotips, marques o qualsevol altre element, s\u00f3n titularitat de David P\u00e9rez Paz o disposa dels drets corresponents d\u2019\u00fas i explotaci\u00f3. Queda expressament prohibida la reproducci\u00f3, distribuci\u00f3, transformaci\u00f3, comunicaci\u00f3 p\u00fablica o qualsevol altra forma d\u2019explotaci\u00f3, total o parcial, sense autoritzaci\u00f3 pr\u00e8via i per escrit del titular.<\/p>\n<p><strong>3. Responsabilitat<\/strong><br \/>\nEl titular del lloc web no es fa responsable dels errors o omissions en els continguts, ni dels danys o perjudicis derivats de l\u2019\u00fas del lloc web ni de qualsevol acci\u00f3 basada en la informaci\u00f3 que s\u2019hi proporciona.<\/p>\n<p>S\u2019hi podr\u00e0 accedir a enlla\u00e7os de tercers, per\u00f2 David P\u00e9rez Paz no es responsabilitza dels continguts ni del funcionament d\u2019aquests llocs externs.<\/p>\n<p><strong>4. Legislaci\u00f3 aplicable<\/strong><br \/>\nAquest lloc web es regeix per la normativa espanyola i europea aplicable, i en particular per la Llei 34\/2002 (LSSI-CE) i el Reglament (UE) 2016\/679 (RGPD).<\/p>\n<div id=\"gtx-trans\" style=\"position: absolute; left: -23px; top: 593.25px;\">\n<div class=\"gtx-trans-icon\"><\/div>\n<\/div>","protected":false},"excerpt":{"rendered":"<p>En compliment del que estableix la Llei 34\/2002, d\u201911 de juliol, de serveis de la societat de la informaci\u00f3 i [&hellip;]<\/p>","protected":false},"author":1,"featured_media":0,"parent":0,"menu_order":0,"comment_status":"closed","ping_status":"closed","template":"","meta":{"_acf_changed":false,"_seopress_robots_primary_cat":"","_seopress_titles_title":"","_seopress_titles_desc":"","_seopress_robots_index":"yes","inline_featured_image":false,"site-sidebar-layout":"default","site-content-layout":"","ast-site-content-layout":"narrow-width-container","site-content-style":"default","site-sidebar-style":"default","ast-global-header-display":"","ast-banner-title-visibility":"","ast-main-header-display":"","ast-hfb-above-header-display":"","ast-hfb-below-header-display":"","ast-hfb-mobile-header-display":"","site-post-title":"","ast-breadcrumbs-content":"","ast-featured-img":"","footer-sml-layout":"","theme-transparent-header-meta":"default","adv-header-id-meta":"","stick-header-meta":"","header-above-stick-meta":"","header-main-stick-meta":"","header-below-stick-meta":"","astra-migrate-meta-layouts":"set","ast-page-background-enabled":"default","ast-page-background-meta":{"desktop":{"background-color":"var(--ast-global-color-5)","background-image":"","background-repeat":"repeat","background-position":"center center","background-size":"auto","background-attachment":"scroll","background-type":"","background-media":"","overlay-type":"","overlay-color":"","overlay-opacity":"","overlay-gradient":""},"tablet":{"background-color":"","background-image":"","background-repeat":"repeat","background-position":"center center","background-size":"auto","background-attachment":"scroll","background-type":"","background-media":"","overlay-type":"","overlay-color":"","overlay-opacity":"","overlay-gradient":""},"mobile":{"background-color":"","background-image":"","background-repeat":"repeat","background-position":"center center","background-size":"auto","background-attachment":"scroll","background-type":"","background-media":"","overlay-type":"","overlay-color":"","overlay-opacity":"","overlay-gradient":""}},"ast-content-background-meta":{"desktop":{"background-color":"var(--ast-global-color-4)","background-image":"","background-repeat":"repeat","background-position":"center center","background-size":"auto","background-attachment":"scroll","background-type":"","background-media":"","overlay-type":"","overlay-color":"","overlay-opacity":"","overlay-gradient":""},"tablet":{"background-color":"var(--ast-global-color-4)","background-image":"","background-repeat":"repeat","background-position":"center center","background-size":"auto","background-attachment":"scroll","background-type":"","background-media":"","overlay-type":"","overlay-color":"","overlay-opacity":"","overlay-gradient":""},"mobile":{"background-color":"var(--ast-global-color-4)","background-image":"","background-repeat":"repeat","background-position":"center center","background-size":"auto","background-attachment":"scroll","background-type":"","background-media":"","overlay-type":"","overlay-color":"","overlay-opacity":"","overlay-gradient":""}},"footnotes":""},"class_list":["post-88","page","type-page","status-publish","hentry"],"acf":[],"_links":{"self":[{"href":"https:\/\/www.nunarquitectura.com\/es\/wp-json\/wp\/v2\/pages\/88","targetHints":{"allow":["GET"]}}],"collection":[{"href":"https:\/\/www.nunarquitectura.com\/es\/wp-json\/wp\/v2\/pages"}],"about":[{"href":"https:\/\/www.nunarquitectura.com\/es\/wp-json\/wp\/v2\/types\/page"}],"author":[{"embeddable":true,"href":"https:\/\/www.nunarquitectura.com\/es\/wp-json\/wp\/v2\/users\/1"}],"replies":[{"embeddable":true,"href":"https:\/\/www.nunarquitectura.com\/es\/wp-json\/wp\/v2\/comments?post=88"}],"version-history":[{"count":3,"href":"https:\/\/www.nunarquitectura.com\/es\/wp-json\/wp\/v2\/pages\/88\/revisions"}],"predecessor-version":[{"id":917,"href":"https:\/\/www.nunarquitectura.com\/es\/wp-json\/wp\/v2\/pages\/88\/revisions\/917"}],"wp:attachment":[{"href":"https:\/\/www.nunarquitectura.com\/es\/wp-json\/wp\/v2\/media?parent=88"}],"curies":[{"name":"wp","href":"https:\/\/api.w.org\/{rel}","templated":true}]}}