{"id":3,"date":"2025-05-07T09:07:43","date_gmt":"2025-05-07T07:07:43","guid":{"rendered":"http:\/\/www.nunarquitectura.com\/?page_id=3"},"modified":"2025-07-22T16:47:26","modified_gmt":"2025-07-22T14:47:26","slug":"politica-de-privacitat","status":"publish","type":"page","link":"https:\/\/www.nunarquitectura.com\/es\/politica-de-privacitat\/","title":{"rendered":"Pol\u00edtica de privacitat"},"content":{"rendered":"<p>D\u2019acord amb el que estableix el Reglament (UE) 2016\/679 (RGPD) i la Llei Org\u00e0nica 3\/2018 (LOPDGDD), a continuaci\u00f3 t\u2019informem sobre com es tracten les teves dades personals si contactes amb nosaltres a trav\u00e9s de correu electr\u00f2nic o tel\u00e8fon.<\/p>\n<p><strong>1. Responsable del tractament<\/strong><\/p>\n<ul>\n<li>David P\u00e9rez Paz<\/li>\n<li>DNI: 39364923D<\/li>\n<li>Adre\u00e7a: Avinguda del Torrent Canig\u00f3, 71 \u2013 08250 Sant Joan de Vilatorrada<\/li>\n<li>Tel\u00e8fon: +34 634 57 10 52<\/li>\n<li>Correu electr\u00f2nic: dperez@nunarquitectura.com<\/li>\n<\/ul>\n<p><strong>2. Finalitat del tractament de dades<\/strong><br \/>\nLes dades personals que puguis proporcionar de manera volunt\u00e0ria en posar-te en contacte amb nosaltres (per tel\u00e8fon o correu electr\u00f2nic) es tractaran exclusivament per a les seg\u00fcents finalitats:<\/p>\n<p>Respondre consultes professionals o sol\u00b7licituds d\u2019informaci\u00f3.<\/p>\n<p>Mantenir comunicacions amb persones interessades en els serveis d\u2019arquitectura.<\/p>\n<p>En cas de contractaci\u00f3, gestionar la relaci\u00f3 professional corresponent.<\/p>\n<p>Aquest lloc web no recull dades mitjan\u00e7ant formularis, ni instal\u00b7la cookies amb finalitats de seguiment, ni emmagatzema dades autom\u00e0ticament.<\/p>\n<p><strong>3. Legitimaci\u00f3 per al tractament<\/strong><br \/>\nLa base jur\u00eddica \u00e9s el consentiment expr\u00e9s de la persona interessada en contactar volunt\u00e0riament amb el responsable. En cas de contractaci\u00f3 de serveis, la base jur\u00eddica ser\u00e0 tamb\u00e9 l&#8217;execuci\u00f3 d\u2019un contracte.<\/p>\n<p><strong>4. Conservaci\u00f3 de les dades<\/strong><br \/>\nLes dades es conservaran durant el temps estrictament necessari per complir amb la finalitat per a la qual van ser recollides i, si escau, durant els terminis legals establerts per a possibles responsabilitats.<\/p>\n<p><strong>5. Comunicaci\u00f3 de dades a tercers<\/strong><br \/>\nNo es comunicaran dades personals a tercers, llevat de requeriment legal o si fos necessari per a la prestaci\u00f3 d\u2019un servei contractat, en el qual cas es formalitzaria el corresponent contracte d\u2019encarregat de tractament.<\/p>\n<p><strong>6. Drets de les persones interessades<\/strong><br \/>\nTens dret a accedir a les teves dades, sol\u00b7licitar-ne la rectificaci\u00f3, supressi\u00f3, oposar-te al seu tractament, sol\u00b7licitar la limitaci\u00f3 del tractament o la portabilitat. Pots exercir aquests drets adre\u00e7ant un correu a dperez@nunarquitectura.com, indicant el teu nom, dret que vols exercir i adjuntant c\u00f2pia d\u2019un document d\u2019identitat.<\/p>\n<p>Tamb\u00e9 pots presentar una reclamaci\u00f3 davant l\u2019Autoritat Catalana de Protecci\u00f3 de Dades (www.apdcat.cat) o l\u2019Ag\u00e8ncia Espanyola de Protecci\u00f3 de Dades (www.aepd.es), si consideres que els teus drets no han estat degudament atesos.<\/p>\n<div id=\"gtx-trans\" style=\"position: absolute; left: 0px; top: 776.062px;\">\n<div class=\"gtx-trans-icon\"><\/div>\n<\/div>","protected":false},"excerpt":{"rendered":"<p>D\u2019acord amb el que estableix el Reglament (UE) 2016\/679 (RGPD) i la Llei Org\u00e0nica 3\/2018 (LOPDGDD), a continuaci\u00f3 t\u2019informem sobre [&hellip;]<\/p>","protected":false},"author":1,"featured_media":0,"parent":0,"menu_order":0,"comment_status":"closed","ping_status":"closed","template":"","meta":{"_acf_changed":false,"_seopress_robots_primary_cat":"","_seopress_titles_title":"","_seopress_titles_desc":"","_seopress_robots_index":"yes","inline_featured_image":false,"site-sidebar-layout":"default","site-content-layout":"","ast-site-content-layout":"narrow-width-container","site-content-style":"default","site-sidebar-style":"default","ast-global-header-display":"","ast-banner-title-visibility":"","ast-main-header-display":"","ast-hfb-above-header-display":"","ast-hfb-below-header-display":"","ast-hfb-mobile-header-display":"","site-post-title":"","ast-breadcrumbs-content":"","ast-featured-img":"","footer-sml-layout":"","theme-transparent-header-meta":"default","adv-header-id-meta":"","stick-header-meta":"","header-above-stick-meta":"","header-main-stick-meta":"","header-below-stick-meta":"","astra-migrate-meta-layouts":"set","ast-page-background-enabled":"default","ast-page-background-meta":{"desktop":{"background-color":"var(--ast-global-color-5)","background-image":"","background-repeat":"repeat","background-position":"center center","background-size":"auto","background-attachment":"scroll","background-type":"","background-media":"","overlay-type":"","overlay-color":"","overlay-opacity":"","overlay-gradient":""},"tablet":{"background-color":"","background-image":"","background-repeat":"repeat","background-position":"center center","background-size":"auto","background-attachment":"scroll","background-type":"","background-media":"","overlay-type":"","overlay-color":"","overlay-opacity":"","overlay-gradient":""},"mobile":{"background-color":"","background-image":"","background-repeat":"repeat","background-position":"center center","background-size":"auto","background-attachment":"scroll","background-type":"","background-media":"","overlay-type":"","overlay-color":"","overlay-opacity":"","overlay-gradient":""}},"ast-content-background-meta":{"desktop":{"background-color":"var(--ast-global-color-4)","background-image":"","background-repeat":"repeat","background-position":"center center","background-size":"auto","background-attachment":"scroll","background-type":"","background-media":"","overlay-type":"","overlay-color":"","overlay-opacity":"","overlay-gradient":""},"tablet":{"background-color":"var(--ast-global-color-4)","background-image":"","background-repeat":"repeat","background-position":"center center","background-size":"auto","background-attachment":"scroll","background-type":"","background-media":"","overlay-type":"","overlay-color":"","overlay-opacity":"","overlay-gradient":""},"mobile":{"background-color":"var(--ast-global-color-4)","background-image":"","background-repeat":"repeat","background-position":"center center","background-size":"auto","background-attachment":"scroll","background-type":"","background-media":"","overlay-type":"","overlay-color":"","overlay-opacity":"","overlay-gradient":""}},"footnotes":""},"class_list":["post-3","page","type-page","status-publish","hentry"],"acf":[],"_links":{"self":[{"href":"https:\/\/www.nunarquitectura.com\/es\/wp-json\/wp\/v2\/pages\/3","targetHints":{"allow":["GET"]}}],"collection":[{"href":"https:\/\/www.nunarquitectura.com\/es\/wp-json\/wp\/v2\/pages"}],"about":[{"href":"https:\/\/www.nunarquitectura.com\/es\/wp-json\/wp\/v2\/types\/page"}],"author":[{"embeddable":true,"href":"https:\/\/www.nunarquitectura.com\/es\/wp-json\/wp\/v2\/users\/1"}],"replies":[{"embeddable":true,"href":"https:\/\/www.nunarquitectura.com\/es\/wp-json\/wp\/v2\/comments?post=3"}],"version-history":[{"count":1,"href":"https:\/\/www.nunarquitectura.com\/es\/wp-json\/wp\/v2\/pages\/3\/revisions"}],"predecessor-version":[{"id":918,"href":"https:\/\/www.nunarquitectura.com\/es\/wp-json\/wp\/v2\/pages\/3\/revisions\/918"}],"wp:attachment":[{"href":"https:\/\/www.nunarquitectura.com\/es\/wp-json\/wp\/v2\/media?parent=3"}],"curies":[{"name":"wp","href":"https:\/\/api.w.org\/{rel}","templated":true}]}}